{"id":10,"date":"2012-01-05T22:00:24","date_gmt":"2012-01-05T20:00:24","guid":{"rendered":"http:\/\/evabm.se\/photo\/?page_id=10"},"modified":"2023-01-03T23:20:57","modified_gmt":"2023-01-03T22:20:57","slug":"dagens-bild","status":"publish","type":"page","link":"https:\/\/evabm.se\/photo\/dagens-bild\/","title":{"rendered":"Dagens bild"},"content":{"rendered":"<p> \tDagens bild, \u00e4r en fotoid\u00e9 startad 1\/1 2008 av <a href=\"http:\/\/www.susajt.se\/\" target=\"_blank\" rel=\"noopener\">Sirpa<\/a> och kallad f\u00f6r Projekt 365. Det inneb\u00e4r att man ska ta ett kort varje dag under \u00e5ret.<\/p>\n<p><a href=\"https:\/\/evabm.se\/photo\/category\/fotoutmaningar\/dagens-bild\/dagens-bild-2013\/\">2013<\/a>&nbsp;|&nbsp;<a href=\"https:\/\/evabm.se\/photo\/category\/fotoutmaningar\/dagens-bild\/dagens-bild-2015\/\">2015<\/a>&nbsp;| <a href=\"https:\/\/evabm.se\/photo\/category\/fotoutmaningar\/dagens-bild\/dagens-bild-2022\/\">2022<\/a> | <a href=\"https:\/\/evabm.se\/photo\/category\/fotoutmaningar\/dagens-bild\/dagens-bild-2023\/\">2023<\/a><\/p>\n<p>Tidigare \u00e5rs deltagande, se <a href=\"http:\/\/www.sextiofem.com\/foto\/projekt365\/index.htm\" target=\"_blank\" rel=\"noopener\">Projekt 365-sidan p\u00e5 sextiofem.com<\/a>. Dessa kommer att s\u00e5sm\u00e5ningom \u00f6verf\u00f6ras till denna webb n\u00e4r tid ges.<\/p>\n","protected":false},"excerpt":{"rendered":"<p> \tDagens bild, \u00e4r en fotoid\u00e9 startad 1\/1 2008 av Sirpa och kallad f\u00f6r Projekt 365. Det inneb\u00e4r att man ska ta ett kort varje dag under \u00e5ret. 2013&nbsp;|&nbsp;2015&nbsp;| 2022 | 2023 Tidigare \u00e5rs deltagande, se Projekt 365-sidan p\u00e5 sextiofem.com. Dessa kommer att s\u00e5sm\u00e5ningom \u00f6verf\u00f6ras till denna webb n\u00e4r tid ges.<\/p>\n","protected":false},"author":1,"featured_media":0,"parent":0,"menu_order":2,"comment_status":"open","ping_status":"open","template":"","meta":{"ngg_post_thumbnail":0},"_links":{"self":[{"href":"https:\/\/evabm.se\/photo\/wp-json\/wp\/v2\/pages\/10"}],"collection":[{"href":"https:\/\/evabm.se\/photo\/wp-json\/wp\/v2\/pages"}],"about":[{"href":"https:\/\/evabm.se\/photo\/wp-json\/wp\/v2\/types\/page"}],"author":[{"embeddable":true,"href":"https:\/\/evabm.se\/photo\/wp-json\/wp\/v2\/users\/1"}],"replies":[{"embeddable":true,"href":"https:\/\/evabm.se\/photo\/wp-json\/wp\/v2\/comments?post=10"}],"version-history":[{"count":17,"href":"https:\/\/evabm.se\/photo\/wp-json\/wp\/v2\/pages\/10\/revisions"}],"predecessor-version":[{"id":6570,"href":"https:\/\/evabm.se\/photo\/wp-json\/wp\/v2\/pages\/10\/revisions\/6570"}],"wp:attachment":[{"href":"https:\/\/evabm.se\/photo\/wp-json\/wp\/v2\/media?parent=10"}],"curies":[{"name":"wp","href":"https:\/\/api.w.org\/{rel}","templated":true}]}}