{"id":492,"date":"2013-01-13T00:31:19","date_gmt":"2013-01-12T23:31:19","guid":{"rendered":"http:\/\/evabm.se\/photo\/?page_id=492"},"modified":"2013-01-13T00:31:19","modified_gmt":"2013-01-12T23:31:19","slug":"fototriss","status":"publish","type":"page","link":"https:\/\/evabm.se\/photo\/fototriss\/","title":{"rendered":"Fototriss"},"content":{"rendered":"<p> \t<a href=\"http:\/\/fototriss.blogspot.se\/\" target=\"_blank\"><strong>Fototriss<\/strong><\/a> \u00e4r en fotoutmaning som startades i juni 2008 och som handlar om att man ska visa tre bilder p\u00e5 ett tema. Varje s\u00f6ndag startar en ny omg\u00e5ng och vilket temat \u00e4r avsl\u00f6jas dagen innan, p\u00e5 l\u00f6rdags morgonen.<\/p>\n<p>Tanken \u00e4r att\u00a0se temat som en utmaning f\u00f6r sig sj\u00e4lv och sitt fotograferande. De olika fotouppdragen som\u00a0delas ut ska ge inspiration till att hitta nya motiv som man\u00a0annars kanske inte skulle ha t\u00e4nkt p\u00e5 att fotografera.<\/p>\n<p>Det \u00e4r naturligtvis roligast om man greppar kameran och tar nya bilder\u00a0f\u00f6r\u00a0temat s\u00e5 ofta man kan, men om man har\u00a0bilder i sitt arkiv som passar\u00a0f\u00f6r temat kan man s\u00e5 klart anv\u00e4nda dem ocks\u00e5. Dock m\u00e5ste bilderna\u00a0vara tagna av mig s\u00e5 att\u00a0lagen om upphovsr\u00e4tt f\u00f6ljs.<\/p>\n<p>Jag har fr\u00e5n och med 2013 best\u00e4mt mig f\u00f6r att f\u00f6rs\u00f6ka mig p\u00e5 denna fotoutmaning. F\u00f6lj mig och <a href=\"https:\/\/evabm.se\/photo\/category\/fotoprojekt\/fototriss\/\" target=\"_blank\">se hur det g\u00e5r<\/a>.<\/p>\n","protected":false},"excerpt":{"rendered":"<p> \tFototriss \u00e4r en fotoutmaning som startades i juni 2008 och som handlar om att man ska visa tre bilder p\u00e5 ett tema. Varje s\u00f6ndag startar en ny omg\u00e5ng och vilket temat \u00e4r avsl\u00f6jas dagen innan, p\u00e5 l\u00f6rdags morgonen. Tanken \u00e4r att\u00a0se temat som en utmaning f\u00f6r sig sj\u00e4lv och sitt fotograferande. De olika fotouppdragen som\u00a0delas &#8230; <span class=\"more\"><a class=\"more-link\" href=\"https:\/\/evabm.se\/photo\/fototriss\/\">[Read more&#8230;]<\/a><\/span><\/p>\n","protected":false},"author":1,"featured_media":0,"parent":0,"menu_order":0,"comment_status":"open","ping_status":"open","template":"","meta":{"ngg_post_thumbnail":0},"_links":{"self":[{"href":"https:\/\/evabm.se\/photo\/wp-json\/wp\/v2\/pages\/492"}],"collection":[{"href":"https:\/\/evabm.se\/photo\/wp-json\/wp\/v2\/pages"}],"about":[{"href":"https:\/\/evabm.se\/photo\/wp-json\/wp\/v2\/types\/page"}],"author":[{"embeddable":true,"href":"https:\/\/evabm.se\/photo\/wp-json\/wp\/v2\/users\/1"}],"replies":[{"embeddable":true,"href":"https:\/\/evabm.se\/photo\/wp-json\/wp\/v2\/comments?post=492"}],"version-history":[{"count":6,"href":"https:\/\/evabm.se\/photo\/wp-json\/wp\/v2\/pages\/492\/revisions"}],"predecessor-version":[{"id":501,"href":"https:\/\/evabm.se\/photo\/wp-json\/wp\/v2\/pages\/492\/revisions\/501"}],"wp:attachment":[{"href":"https:\/\/evabm.se\/photo\/wp-json\/wp\/v2\/media?parent=492"}],"curies":[{"name":"wp","href":"https:\/\/api.w.org\/{rel}","templated":true}]}}